{"id":2610,"date":"2017-03-21T10:46:07","date_gmt":"2017-03-21T09:46:07","guid":{"rendered":"https:\/\/blog.europrivacy.org\/?page_id=2610"},"modified":"2019-02-21T15:06:42","modified_gmt":"2019-02-21T14:06:42","slug":"europrivacy-manifesto","status":"publish","type":"page","link":"https:\/\/blog.europrivacy.info\/it\/europrivacy-manifesto\/","title":{"rendered":"Manifesto di Europrivacy"},"content":{"rendered":"<p><\/p>\n<hr style=\"width: 100%; padding-left: 0; margin-left: 0; border: none; height: 5px; color: #ddd; background-color: #ddd;\" \/>\n<p>Europrivacy.info ha assolto il compito di preparare le aziende italiane all&#8217;impatto del GDPR. Abbiamo iniziato a pubblicare le nostre interpretazioni della legge ben prima che fosse approvato il testo definitivo (nel 2015) e abbiamo organizzato decine di confronti pubblici, conferenze e dibattiti anche con l&#8217;Autorit\u00e0 Garante. Consideriamo ormai concluso questo compito con 316 post. <\/p>\n<p><strong>Abbiamo quindi deciso di chiudere il blog al 31\/12\/2018<\/strong> ringraziando gli autori e i nostri lettori per il supporto e la simpatia.<\/p>\n<hr style=\"width: 100%; padding-left: 0; margin-left: 0; border: none; height: 5px; color: #ddd; background-color: #ddd;\" \/>\n<p>Europrivacy.info \u00e8 un blog collettivo, che nasce nel 2015 da un\u2019iniziativa di Aused, di Clusit e di Oracle Community for Security, di professionisti esperti in Sicurezza e Compliance che vogliono contribuire allo sviluppo della consapevolezza delle organizzazioni in merito al nuovo Regolamento Generale sulla Protezione dei Dati (Regolamento UE 2016\/679) e alle norme europee collegate.<\/p>\n<p>Il punto di vista che si propone di esprimere \u00e8 multidisciplinare e si realizza grazie al lavoro di contributori provenienti sia dal mondo Legal sia da quello dell&#8217;Information Technology. Il blog ha l&#8217;obiettivo di diventare un punto di riferimento nel percorso di adeguamento alla nuova normativa e di contribuire al dibattito internazionale, di conseguenza i post sono sempre tradotti in inglese.<\/p>\n<hr \/>\n<p>Questo manifesto descrive i ruoli e le responsabilit\u00e0 di quanti, a vario titolo, partecipano e contribuiscono allo sviluppo dell\u2019iniziativa.<\/p>\n<h2>Pubblico<\/h2>\n<p>Il blog \u00e8 aperto a tutti i lettori e chiunque pu\u00f2 leggere i contenuti del sito.<\/p>\n<h2>Utenti registrati<\/h2>\n<p>Solo attraverso la registrazione al sito \u00e8 possibile partecipare in modo attivo al blog.<br \/>\nGli utenti registrati possono commentare i post, fare delle domande nella specifica sezione, ricevere la newsletter mensile con la segnalazione degli eventi e dei post pi\u00f9 recenti.<\/p>\n<h2>Contributori<\/h2>\n<p>I contributori sono l\u2019asse portante del blog.<br \/>\nRealizzano contenuti di approfondimento sulle tematiche attinenti al GDPR, scambiano opinioni con altri contributori ed utenti, segnalano eventi e rispondono alle domande postate nell&#8217;apposita sezione.<br \/>\nCiascun utente registrato in possesso di competenze specifiche in tema di Data Protection pu\u00f2 sottoporre la propria candidatura (al Comitato di Coordinamento) per diventare contributore.<\/p>\n<h2>Coordinatori<\/h2>\n<p>Sono persone (selezionate tra i membri di Clusit, Aused e della Oracle Community for Security) a cui \u00e8 affidato il coordinamento delle attivit\u00e0 e della piattaforma.<br \/>\n\u00c8 compito dei coordinatori proporre e realizzare le attivit\u00e0 collaterali di Europrivacy (quali, ad esempio, le conferenze), vagliare e confermare l\u2019adesione dei nuovi contributori, eseguire un controllo formale dei post prima della pubblicazione.<\/p>\n<h2>Ruoli di supporto<\/h2>\n<p>Sono professionisti (individuati dai coordinatori) che contribuiscono, in aree di specializzazione specifiche, alla realizzazione degli obiettivi di Europrivacy. In particolare il blog prevede la presenza di un <strong>amministratore del sito<\/strong>, di un <strong>social media manager<\/strong> per gli account collegati (twitter <a href=\"https:\/\/twitter.com\/europrivacy\" target=\"_blank\">@europrivacy<\/a> e slideshare <a href=\"http:\/\/www.slideshare.net\/EuroprivacyDataProtection\" target=\"_blank\">EuroprivacyDataProtection<\/a>), di una figura di <strong>traduttore<\/strong> il cui supporto pu\u00f2 essere richiesto dai contributori per le pubblicazioni in inglese e di una segreteria per il reporting.Tra i contributori vengono inoltre individuate una figura di <strong>interlocutore dei contributori<\/strong> che ha l&#8217;obiettivo di agevolare le attivit\u00e0 correlate alla pubblicazione dei post e pi\u00f9 figure di <strong>tutor<\/strong> con il compito di facilitare il contatto con gli sponsor.<\/p>\n<h2>Sponsor<\/h2>\n<p>Gli sponsor sono aziende che sostengono economicamente l\u2019iniziativa per via del loro senso di responsabilit\u00e0 sociale e per i loro legittimi interessi commerciali. Gli sponsor non influenzano le opinioni dei contributori e la direzione del sito.<br \/>\nTra loro si trovano i tre soci promotori (Clusit, Aused ed Oracle Community for Security).<\/p>\n<hr \/>\n<p>Per far funzionare al meglio una macchina cos\u00ec articolata \u00e8 opportuno aver chiari gli obiettivi e i margini di manovra di ogni soggetto e dare delle regole che aiutano a capire come comportarsi nella giusta dialettica tra gli interessi personali \/ commerciali e gli obiettivi pre-competitivi e culturali dell\u2019iniziativa.<br \/>\nA questo scopo \u00e8 stato approntato il Decalogo del blog.<\/p>\n<h2>Decalogo del blog EuroPrivacy<\/h2>\n<ol>\n<li>Tutti gli utenti utilizzano il blog in maniera etica e nel rispetto della netiquette.<\/li>\n<li>I contributori esprimono sempre un parere personale, frutto della loro esperienza professionale.<\/li>\n<li>I contributori possono (e ci\u00f2 \u00e8 gradito) dichiarare l\u2019appartenenza ad Europrivacy in forma pubblica (nelle conferenze alle quali partecipano e nei social network come per esempio LinkedIn, Twitter ecc.) ed utilizzare il logo di Europrivacy in abbinamento (laddove possibile) a tale dichiarazione di appartenenza.<\/li>\n<li>I contributori che partecipano a convegni in cui presentano un contributo realizzato nel rispetto dei criteri etici, culturali e precompetitivi dell\u2019iniziativa possono usare il template di Europrivacy, richiedendone preventivamente l\u2019autorizzazione. Per le presentazioni cos\u00ec realizzate \u00e8 prevista l&#8217;opportunit\u00e0 di chiederne la pubblicazione sull\u2019account slideshare di Europrivacy.<\/li>\n<li>I contributori sono tenuti a partecipare regolarmente alle attivit\u00e0 di Europrivacy, pubblicare e commentare post, rispondere alle domande poste dagli utenti e partecipare alle conference call di allineamento.<\/li>\n<li>Gli sponsor (tramite il tutor, un contributore o un rappresentante del gruppo di coordinamento) ed i singoli contributori possono segnalare conferenze anche di natura commerciale, purch\u00e9 sul tema della sicurezza e\/o privacy, nella sezione del blog dedicata a ci\u00f2 (\u201cEventi\u201d).<\/li>\n<li>Gli sponsor si impegnano a discutere con il tutor il piano di attivit\u00e0 collaterali e sinergiche tra le loro aziende e Europrivacy.<\/li>\n<li>I coordinatori, laddove ce ne sia l&#8217;opportunit\u00e0, si adoperano per segnalare ai membri del blog la possibilit\u00e0 di contribuire alle attivit\u00e0 collaterali degli sponsor (ad esempio come relatori ai convegni).<\/li>\n<li>I coordinatori e i ruoli di supporto si impegnano a far funzionare l\u2019iniziativa nel suo complesso e pongono in secondo piano i loro interessi personali e delle aziende o associazioni che rappresentano qualora non siano congruenti con quelli di Europrivacy.<\/li>\n<li>Coordinatori, contributori e ruoli di supporto dedicano tempo e energie adeguate, accettano di buon grado nuove idee e si impegnano a far crescere il blog in termini di risorse competenti che vi contribuiscono.<\/li>\n<\/ol>\n<p><\/p>","protected":false},"excerpt":{"rendered":"<p>Europrivacy.info ha assolto il compito di preparare le aziende italiane all&#8217;impatto del GDPR. Abbiamo iniziato a pubblicare le nostre interpretazioni della legge ben prima che fosse approvato il testo definitivo (nel 2015) e abbiamo organizzato decine di confronti pubblici, conferenze e dibattiti anche con l&#8217;Autorit\u00e0 Garante. Consideriamo ormai concluso questo compito con 316 post. Abbiamo\u2026 <span class=\"read-more\"><a href=\"https:\/\/blog.europrivacy.info\/it\/europrivacy-manifesto\/\">Leggi tutto &raquo;<\/a><\/span><\/p>\n","protected":false},"author":198,"featured_media":0,"parent":0,"menu_order":0,"comment_status":"closed","ping_status":"closed","template":"","meta":{"footnotes":""},"class_list":["post-2610","page","type-page","status-publish","hentry"],"_links":{"self":[{"href":"https:\/\/blog.europrivacy.info\/it\/wp-json\/wp\/v2\/pages\/2610","targetHints":{"allow":["GET"]}}],"collection":[{"href":"https:\/\/blog.europrivacy.info\/it\/wp-json\/wp\/v2\/pages"}],"about":[{"href":"https:\/\/blog.europrivacy.info\/it\/wp-json\/wp\/v2\/types\/page"}],"author":[{"embeddable":true,"href":"https:\/\/blog.europrivacy.info\/it\/wp-json\/wp\/v2\/users\/198"}],"replies":[{"embeddable":true,"href":"https:\/\/blog.europrivacy.info\/it\/wp-json\/wp\/v2\/comments?post=2610"}],"version-history":[{"count":7,"href":"https:\/\/blog.europrivacy.info\/it\/wp-json\/wp\/v2\/pages\/2610\/revisions"}],"predecessor-version":[{"id":4209,"href":"https:\/\/blog.europrivacy.info\/it\/wp-json\/wp\/v2\/pages\/2610\/revisions\/4209"}],"wp:attachment":[{"href":"https:\/\/blog.europrivacy.info\/it\/wp-json\/wp\/v2\/media?parent=2610"}],"curies":[{"name":"wp","href":"https:\/\/api.w.org\/{rel}","templated":true}]}}