{"id":145,"date":"2015-05-25T13:43:14","date_gmt":"2015-05-25T11:43:14","guid":{"rendered":"https:\/\/blog.europrivacy.org\/?page_id=145"},"modified":"2019-02-21T15:00:25","modified_gmt":"2019-02-21T14:00:25","slug":"topics","status":"publish","type":"page","link":"https:\/\/blog.europrivacy.info\/it\/topics\/","title":{"rendered":"Topics"},"content":{"rendered":"<p><\/p>\n<hr style=\"width: 100%; padding-left: 0; margin-left: 0; border: none; height: 5px; color: #ddd; background-color: #ddd;\" \/>\n<p>Europrivacy.info ha assolto il compito di preparare le aziende italiane all&#8217;impatto del GDPR. Abbiamo iniziato a pubblicare le nostre interpretazioni della legge ben prima che fosse approvato il testo definitivo (nel 2015) e abbiamo organizzato decine di confronti pubblici, conferenze e dibattiti anche con l&#8217;Autorit\u00e0 Garante. Consideriamo ormai concluso questo compito con 316 post. <\/p>\n<p><strong>Abbiamo quindi deciso di chiudere il blog al 31\/12\/2018<\/strong> ringraziando gli autori e i nostri lettori per il supporto e la simpatia.<\/p>\n<hr style=\"width: 100%; padding-left: 0; margin-left: 0; border: none; height: 5px; color: #ddd; background-color: #ddd;\" \/>\nIl contenuto del blog EuroPrivacy \u00e8 classificato in diverse categorie:<\/p>\n<table width=\"799\">\n<tbody>\n<tr>\n<td width=\"234\"><strong>Nome<\/strong><\/td>\n<td width=\"565\"><strong>Descrizione\u00a0<\/strong><\/td>\n<\/tr>\n<tr>\n<td width=\"234\"><a href=\"https:\/\/blog.europrivacy.org\/category\/legal-framework\/\">Legal Framework<\/a><\/td>\n<td width=\"565\">Informazioni sull&#8217;approvazione del testo, la pubblicazione e la sua attuazione.<\/td>\n<\/tr>\n<tr>\n<td width=\"234\"><a href=\"https:\/\/blog.europrivacy.org\/category\/roles-and-liabilities\/\">Ruoli e Responsabilit\u00e0<\/a><\/td>\n<td width=\"565\">Relazioni tra i soggetti che trattano i dati, i loro ruoli e loro responsabilit\u00e0.<\/td>\n<\/tr>\n<tr>\n<td width=\"234\"><a href=\"https:\/\/blog.europrivacy.org\/category\/data-protection-officer\/\">Data Protection Officer<\/a><\/td>\n<td width=\"565\">In questa sezione si discutono tutti gli aspetti legati al DPO: dalle caratteristiche professionali (in termini di compiti e competenze), al come ingaggiare un bravo DPO, all&#8217;approccio che un DPO deve adottare nell&#8217;organizzazione del proprio lavoro, alle intersezioni di questo ruolo con altre figure legate alla sicurezza.<\/td>\n<\/tr>\n<tr>\n<td width=\"234\"><a href=\"https:\/\/blog.europrivacy.org\/category\/impact-risk-and-measures\/\">Impatti, Rischi e Misure<\/a><\/td>\n<td width=\"565\">In questa sezione si discute sulle opportune azioni da mettere in atto per identificare e trattare opportunamente i rischi relativi al trattamento dei dati personali considerando anche i costi di implementazione.<\/td>\n<\/tr>\n<tr>\n<td width=\"234\"><a href=\"https:\/\/blog.europrivacy.org\/category\/data-breach\/\">Violazione dei dati<\/a><\/td>\n<td width=\"565\">In questa categoria vengono trattati gli aspetti legati alle violazioni dei dati (data breach). Come organizzare il processo per gestire una violazione di dati, come stimare il danno reputazionale, quali clausole contrattuali definire con le controparti, come gestire la comunicazione di un avvenuta violazione quando risultano compromessi i dati degli interessati.<\/td>\n<\/tr>\n<tr>\n<td width=\"234\"><a href=\"https:\/\/blog.europrivacy.org\/category\/privacy-by-design\/\">Privacy by Design<\/a><\/td>\n<td width=\"565\">Questo principio, gi\u00e0 presente nella Direttiva 95\/46, viene rafforzato dal nuovo Regolamento come specifico e autonomo concetto. In questa categoria si vuole sviluppare un dibattito sulle necessit\u00e0 di intervenire &#8220;da principio&#8221; nei processi aziendali per renderli conformi al Regolamento<\/td>\n<\/tr>\n<tr>\n<td width=\"234\"><a href=\"https:\/\/blog.europrivacy.org\/category\/sanctions\/\">Sanzioni<\/a><\/td>\n<td width=\"565\">In questa sezione si affronta la tematica del meccanismo sanzionatorio la cui applicabilit\u00e0 (in grado di incidere anche in modo potenzialmente definitivo sulle sorti di una azienda) sar\u00e0 comunque soggetta ad un principio di porporzionalit\u00e0 in grado di attenuarne (comportamenti virtuosi) o aggravarne (comportamenti dolosi) gli effetti.<\/td>\n<\/tr>\n<tr>\n<td width=\"234\"><a href=\"https:\/\/blog.europrivacy.org\/category\/codes-of-conduct-and-certification\/\">Codici di condotta e certificazione<\/a><\/td>\n<td width=\"565\">Gli articoli 40, 41, 42, 43 individuano strumenti di soft law per accompagnare l\u2019applicazione del Regolamento: questa categoria racchiude gli articoli dedicati a questi temi.<\/td>\n<\/tr>\n<tr>\n<td width=\"234\"><a href=\"https:\/\/blog.europrivacy.org\/category\/open-forum\/\">Open Forum<\/a><\/td>\n<td width=\"565\">In questa categoria rientrano tutti i contributi (sempre inerenti la tematica del GDPR) i cui contenuti non sono ascrivibili a nessuna delle categorie precedenti.<\/td>\n<\/tr>\n<\/tbody>\n<\/table>\n<p><\/p>","protected":false},"excerpt":{"rendered":"<p>Europrivacy.info ha assolto il compito di preparare le aziende italiane all&#8217;impatto del GDPR. Abbiamo iniziato a pubblicare le nostre interpretazioni della legge ben prima che fosse approvato il testo definitivo (nel 2015) e abbiamo organizzato decine di confronti pubblici, conferenze e dibattiti anche con l&#8217;Autorit\u00e0 Garante. Consideriamo ormai concluso questo compito con 316 post. Abbiamo\u2026 <span class=\"read-more\"><a href=\"https:\/\/blog.europrivacy.info\/it\/topics\/\">Leggi tutto &raquo;<\/a><\/span><\/p>\n","protected":false},"author":3,"featured_media":0,"parent":0,"menu_order":0,"comment_status":"closed","ping_status":"closed","template":"","meta":{"footnotes":""},"class_list":["post-145","page","type-page","status-publish","hentry"],"_links":{"self":[{"href":"https:\/\/blog.europrivacy.info\/it\/wp-json\/wp\/v2\/pages\/145","targetHints":{"allow":["GET"]}}],"collection":[{"href":"https:\/\/blog.europrivacy.info\/it\/wp-json\/wp\/v2\/pages"}],"about":[{"href":"https:\/\/blog.europrivacy.info\/it\/wp-json\/wp\/v2\/types\/page"}],"author":[{"embeddable":true,"href":"https:\/\/blog.europrivacy.info\/it\/wp-json\/wp\/v2\/users\/3"}],"replies":[{"embeddable":true,"href":"https:\/\/blog.europrivacy.info\/it\/wp-json\/wp\/v2\/comments?post=145"}],"version-history":[{"count":14,"href":"https:\/\/blog.europrivacy.info\/it\/wp-json\/wp\/v2\/pages\/145\/revisions"}],"predecessor-version":[{"id":4205,"href":"https:\/\/blog.europrivacy.info\/it\/wp-json\/wp\/v2\/pages\/145\/revisions\/4205"}],"wp:attachment":[{"href":"https:\/\/blog.europrivacy.info\/it\/wp-json\/wp\/v2\/media?parent=145"}],"curies":[{"name":"wp","href":"https:\/\/api.w.org\/{rel}","templated":true}]}}